{"id":814,"date":"2020-05-29T23:06:48","date_gmt":"2020-05-29T23:06:48","guid":{"rendered":"http:\/\/gabrielaotero.com.ar\/?page_id=814"},"modified":"2023-09-11T19:18:50","modified_gmt":"2023-09-11T19:18:50","slug":"sobre","status":"publish","type":"page","link":"https:\/\/gabrielaotero.com.ar\/?page_id=814","title":{"rendered":"Sobre Mi"},"content":{"rendered":"\n<p><a href=\"https:\/\/es.wikipedia.org\/wiki\/Gabriela_Otero\" target=\"_blank\" rel=\"noreferrer noopener\">Leer art\u00edculo en Wikipedia &gt;&gt;<\/a><\/p>\n\n\n\n<div class=\"wp-block-columns is-layout-flex wp-container-core-columns-is-layout-28f84493 wp-block-columns-is-layout-flex\">\n<div class=\"wp-block-column is-layout-flow wp-block-column-is-layout-flow\" style=\"flex-basis:33.33%\">\n<figure class=\"wp-block-image alignwide size-large\"><img loading=\"lazy\" decoding=\"async\" width=\"720\" height=\"720\" src=\"http:\/\/gabrielaotero.com.ar\/wp-content\/uploads\/2020\/05\/62272790_143528060040122_3014002686279449367_n.jpg\" alt=\"\" class=\"wp-image-820\" srcset=\"https:\/\/gabrielaotero.com.ar\/wp-content\/uploads\/2020\/05\/62272790_143528060040122_3014002686279449367_n.jpg 720w, https:\/\/gabrielaotero.com.ar\/wp-content\/uploads\/2020\/05\/62272790_143528060040122_3014002686279449367_n-300x300.jpg 300w, https:\/\/gabrielaotero.com.ar\/wp-content\/uploads\/2020\/05\/62272790_143528060040122_3014002686279449367_n-150x150.jpg 150w, https:\/\/gabrielaotero.com.ar\/wp-content\/uploads\/2020\/05\/62272790_143528060040122_3014002686279449367_n-350x350.jpg 350w, https:\/\/gabrielaotero.com.ar\/wp-content\/uploads\/2020\/05\/62272790_143528060040122_3014002686279449367_n-100x100.jpg 100w\" sizes=\"auto, (max-width: 720px) 100vw, 720px\" \/><figcaption class=\"wp-element-caption\">Ph: Mariano Ferbaz<\/figcaption><\/figure>\n<\/div>\n\n\n\n<div class=\"wp-block-column is-layout-flow wp-block-column-is-layout-flow\" style=\"flex-basis:66.66%\">\n<p>&nbsp;A los 12 a\u00f1os comienza a estudiar Bellas Artes en una peque\u00f1a&nbsp; escuela llamada\u201d Lola Mora\u201d en honor a la incre\u00edble escultora argentina.All\u00ed adquiere el t\u00edtulo de <strong>Maestra Nacional de Dibujo<\/strong>.  Luego continua sus estudios en la Prilidiano Pueyrred\u00f3n&nbsp; principal academia de Buenos Aires) Obteniendo los t\u00ectulos <strong>de Profesora Nacional de Escultura y Pintura<\/strong> sucesivamente.  En ese momento su formaci\u00f3n art\u00edstica&nbsp; es solventada por su trabajo en escuelas de la Cuidad de Buenos aires, <strong>como docente de arte<\/strong> para ni\u00f1os . La frescura y creatividad de los chicos tambi\u00e9n enriquece sus ideas y realizaciones&nbsp; art\u00edsticas.  <\/p>\n\n\n\n<p>Integra <strong>\u201c Hazcruzado\u201d<\/strong> grupo de experimentaci\u00f3n visual en espect\u00e1culos multimedia donde escenograf\u00edas ef\u00edmeras creadas&nbsp; b\u00e1sicamente con proyecciones&nbsp; m\u00fasica y danza contempor\u00e1nea se dan cita.   Tambien ejerce como:<strong>Escenografa y Vestuarista<\/strong>&nbsp; Equipe 2003 Animaci\u00f3n-<strong>SARDEGNA ITALIA<\/strong>&#8211; <\/p>\n\n\n\n<p>&nbsp; En el 2004 Concreta una vieja idea&#8230; Las <strong>\u201cMINIESCULTURAS\u201d<\/strong>. <\/p>\n\n\n\n<blockquote class=\"wp-block-quote is-layout-flow wp-block-quote-is-layout-flow\">\n<p>\u00abMi deseo es llegar con una pieza a toda&nbsp; persona sensible que intuya la energ\u00eda que tiene un original \u00ab<\/p>\n<cite>Gabriela Otero<\/cite><\/blockquote>\n\n\n\n<p>Hoy diferentes series limitadas son adquiridas en Buenos Aires, Barcelona, Londres y varias ciudades de Inglaterra.<\/p>\n<\/div>\n<\/div>\n\n\n\n<hr class=\"wp-block-separator has-css-opacity\"\/>\n\n\n\n<h4 class=\"wp-block-heading\">S\u00edntesis cronol\u00f3gica<\/h4>\n\n\n\n<p>Recorra a trav\u00e9s de esta l\u00ednea de tiempo la s\u00edntesis cronol\u00f3gica de Gabriela Otero. Se menciona a partir del 2002 por tratarse de muestras y ventas de obras con alcance internacional y nacional. La l\u00ednea de tiempo se muestra desde lo m\u00e1s reciente. <\/p>\n\n\n\n<div class=\"wp-block-group\"><div class=\"wp-block-group__inner-container is-layout-flow wp-block-group-is-layout-flow\">\n<p class=\"has-text-align-center\"><\/p>\n\n\n\n<iframe src='https:\/\/cdn.knightlab.com\/libs\/timeline3\/latest\/embed\/index.html?source=1urLHibdLtoZITCRO8MaC9SUbyzj0VQ8vYoDUwvN_AwA&#038;font=Default&#038;lang=es&#038;start_at_end=true&#038;initial_zoom=2&#038;height=650' width='100%' height='650' webkitallowfullscreen mozallowfullscreen allowfullscreen frameborder='0'><\/iframe>\n<\/div><\/div>\n","protected":false},"excerpt":{"rendered":"<p>Leer art\u00edculo en Wikipedia &gt;&gt; &nbsp;A los 12 a\u00f1os comienza a estudiar Bellas Artes en una peque\u00f1a&nbsp; escuela llamada\u201d Lola Mora\u201d en honor a la incre\u00edble escultora argentina.All\u00ed adquiere el t\u00edtulo de Maestra Nacional de Dibujo. Luego continua sus estudios en la Prilidiano Pueyrred\u00f3n&nbsp; principal academia de Buenos Aires) Obteniendo los t\u00ectulos de Profesora Nacional<a class=\"more-link\" href=\"https:\/\/gabrielaotero.com.ar\/?page_id=814\">Sigue leyendo <span class=\"screen-reader-text\">\u00abSobre Mi\u00bb<\/span><\/a><\/p>\n","protected":false},"author":1,"featured_media":0,"parent":0,"menu_order":0,"comment_status":"closed","ping_status":"closed","template":"","meta":{"_vp_format_video_url":"","_vp_image_focal_point":[],"footnotes":""},"class_list":["post-814","page","type-page","status-publish","hentry","entry"],"jetpack_sharing_enabled":true,"_links":{"self":[{"href":"https:\/\/gabrielaotero.com.ar\/index.php?rest_route=\/wp\/v2\/pages\/814","targetHints":{"allow":["GET"]}}],"collection":[{"href":"https:\/\/gabrielaotero.com.ar\/index.php?rest_route=\/wp\/v2\/pages"}],"about":[{"href":"https:\/\/gabrielaotero.com.ar\/index.php?rest_route=\/wp\/v2\/types\/page"}],"author":[{"embeddable":true,"href":"https:\/\/gabrielaotero.com.ar\/index.php?rest_route=\/wp\/v2\/users\/1"}],"replies":[{"embeddable":true,"href":"https:\/\/gabrielaotero.com.ar\/index.php?rest_route=%2Fwp%2Fv2%2Fcomments&post=814"}],"version-history":[{"count":0,"href":"https:\/\/gabrielaotero.com.ar\/index.php?rest_route=\/wp\/v2\/pages\/814\/revisions"}],"wp:attachment":[{"href":"https:\/\/gabrielaotero.com.ar\/index.php?rest_route=%2Fwp%2Fv2%2Fmedia&parent=814"}],"curies":[{"name":"wp","href":"https:\/\/api.w.org\/{rel}","templated":true}]}}