{"id":788,"date":"2020-05-29T21:45:49","date_gmt":"2020-05-29T21:45:49","guid":{"rendered":"http:\/\/gabrielaotero.com.ar\/?page_id=788"},"modified":"2022-09-30T18:26:59","modified_gmt":"2022-09-30T18:26:59","slug":"inicio-gabriela-otero","status":"publish","type":"page","link":"https:\/\/gabrielaotero.com.ar\/","title":{"rendered":"Inicio"},"content":{"rendered":"\n<div class=\"wp-block-columns is-layout-flex wp-container-core-columns-is-layout-28f84493 wp-block-columns-is-layout-flex\">\n<div class=\"wp-block-column is-layout-flow wp-block-column-is-layout-flow\" style=\"flex-basis:66.66%\">\n<figure class=\"wp-block-image size-large\"><img loading=\"lazy\" decoding=\"async\" width=\"1707\" height=\"2560\" src=\"http:\/\/gabrielaotero.com.ar\/wp-content\/uploads\/2020\/04\/CODE-01-SAPIENTE-FORZA-ALUM-MEDIO-CUERPO-scaled.jpg\" alt=\"Escultura de Gabriela Otero\" class=\"wp-image-755\" srcset=\"https:\/\/gabrielaotero.com.ar\/wp-content\/uploads\/2020\/04\/CODE-01-SAPIENTE-FORZA-ALUM-MEDIO-CUERPO-scaled.jpg 1707w, https:\/\/gabrielaotero.com.ar\/wp-content\/uploads\/2020\/04\/CODE-01-SAPIENTE-FORZA-ALUM-MEDIO-CUERPO-scaled-750x1125.jpg 750w\" sizes=\"auto, (max-width: 1707px) 100vw, 1707px\" \/><\/figure>\n<\/div>\n\n\n\n<div class=\"wp-block-column is-vertically-aligned-center is-layout-flow wp-block-column-is-layout-flow\" style=\"flex-basis:33.33%\">\n<p>Gabriela otero es una artista pl\u00e1stica y escultora argentina, conocida por sus esculturas y miniesculturas de fundici\u00f3n. Su obra recorri\u00f3 todo el mundo por lugares como Buenos Aires, Barcelona, Londres y varias ciudades de Inglaterra.&nbsp;<\/p>\n<\/div>\n<\/div>\n\n\n\n<div class=\"wp-block-columns is-layout-flex wp-container-core-columns-is-layout-28f84493 wp-block-columns-is-layout-flex\">\n<div class=\"wp-block-column is-layout-flow wp-block-column-is-layout-flow\">\n<div class=\"wp-block-cover\"><span aria-hidden=\"true\" class=\"wp-block-cover__background has-background-dim\"><\/span><img loading=\"lazy\" decoding=\"async\" width=\"1024\" height=\"768\" class=\"wp-block-cover__image-background wp-image-833\" alt=\"\" src=\"http:\/\/gabrielaotero.com.ar\/wp-content\/uploads\/2020\/05\/Aerea-Tango-detalle-1.jpg\" data-object-fit=\"cover\" srcset=\"https:\/\/gabrielaotero.com.ar\/wp-content\/uploads\/2020\/05\/Aerea-Tango-detalle-1.jpg 1024w, https:\/\/gabrielaotero.com.ar\/wp-content\/uploads\/2020\/05\/Aerea-Tango-detalle-1-300x225.jpg 300w, https:\/\/gabrielaotero.com.ar\/wp-content\/uploads\/2020\/05\/Aerea-Tango-detalle-1-768x576.jpg 768w, https:\/\/gabrielaotero.com.ar\/wp-content\/uploads\/2020\/05\/Aerea-Tango-detalle-1-750x563.jpg 750w\" sizes=\"auto, (max-width: 1024px) 100vw, 1024px\" \/><div class=\"wp-block-cover__inner-container is-layout-flow wp-block-cover-is-layout-flow\">\n<p class=\"has-text-align-center has-background-color has-primary-background-color has-text-color has-background has-large-font-size\"><a href=\"https:\/\/gabrielaotero.com.ar\/?page_id=805\" data-type=\"page\" data-id=\"805\">Portfolio<\/a><\/p>\n<\/div><\/div>\n<\/div>\n\n\n\n<div class=\"wp-block-column is-layout-flow wp-block-column-is-layout-flow\">\n<div class=\"wp-block-cover\"><span aria-hidden=\"true\" class=\"wp-block-cover__background has-background-dim-70 has-background-dim\"><\/span><img loading=\"lazy\" decoding=\"async\" width=\"640\" height=\"480\" class=\"wp-block-cover__image-background wp-image-834\" alt=\"\" src=\"http:\/\/gabrielaotero.com.ar\/wp-content\/uploads\/2020\/05\/MVC-735S.jpg\" style=\"object-position:62% 25%\" data-object-fit=\"cover\" data-object-position=\"62% 25%\" srcset=\"https:\/\/gabrielaotero.com.ar\/wp-content\/uploads\/2020\/05\/MVC-735S.jpg 640w, https:\/\/gabrielaotero.com.ar\/wp-content\/uploads\/2020\/05\/MVC-735S-300x225.jpg 300w\" sizes=\"auto, (max-width: 640px) 100vw, 640px\" \/><div class=\"wp-block-cover__inner-container is-layout-flow wp-block-cover-is-layout-flow\">\n<p class=\"has-text-align-center has-background-color has-primary-background-color has-text-color has-background has-large-font-size\"><a href=\"http:\/\/gabrielaotero.com.ar\/?page_id=814\">Sobre mi<\/a><\/p>\n<\/div><\/div>\n<\/div>\n<\/div>\n\n\n\n<div class=\"wp-block-cover\"><span aria-hidden=\"true\" class=\"wp-block-cover__background has-background-dim-40 has-background-dim\"><\/span><img loading=\"lazy\" decoding=\"async\" width=\"2500\" height=\"1875\" class=\"wp-block-cover__image-background wp-image-851\" alt=\"\" src=\"http:\/\/gabrielaotero.com.ar\/wp-content\/uploads\/2020\/05\/reduced2-1.jpg\" style=\"object-position:36% 0%\" data-object-fit=\"cover\" data-object-position=\"36% 0%\" srcset=\"https:\/\/gabrielaotero.com.ar\/wp-content\/uploads\/2020\/05\/reduced2-1.jpg 2500w, https:\/\/gabrielaotero.com.ar\/wp-content\/uploads\/2020\/05\/reduced2-1-300x225.jpg 300w, https:\/\/gabrielaotero.com.ar\/wp-content\/uploads\/2020\/05\/reduced2-1-1024x768.jpg 1024w, https:\/\/gabrielaotero.com.ar\/wp-content\/uploads\/2020\/05\/reduced2-1-768x576.jpg 768w, https:\/\/gabrielaotero.com.ar\/wp-content\/uploads\/2020\/05\/reduced2-1-1536x1152.jpg 1536w, https:\/\/gabrielaotero.com.ar\/wp-content\/uploads\/2020\/05\/reduced2-1-2048x1536.jpg 2048w, https:\/\/gabrielaotero.com.ar\/wp-content\/uploads\/2020\/05\/reduced2-1-1568x1176.jpg 1568w, https:\/\/gabrielaotero.com.ar\/wp-content\/uploads\/2020\/05\/reduced2-1-750x563.jpg 750w\" sizes=\"auto, (max-width: 2500px) 100vw, 2500px\" \/><div class=\"wp-block-cover__inner-container is-layout-flow wp-block-cover-is-layout-flow\">\n<p class=\"has-text-align-center has-background-color has-primary-background-color has-text-color has-background has-large-font-size\"><a href=\"http:\/\/gabrielaotero.com.ar\/?page_id=853\">Contacto<\/a><\/p>\n<\/div><\/div>\n\n\n\n<hr class=\"wp-block-separator has-css-opacity\"\/>\n\n\n\n<p>Gabriela Otero Esculturas. <a href=\"https:\/\/www.facebook.com\/gabyesculturas\/\" target=\"_blank\" rel=\"noreferrer noopener\">Facebook <\/a>| <a rel=\"noreferrer noopener\" href=\"https:\/\/www.instagram.com\/gabyesculturas\/\" target=\"_blank\">Instagram<\/a><\/p>\n","protected":false},"excerpt":{"rendered":"<p>Gabriela otero es una artista pl\u00e1stica y escultora argentina, conocida por sus esculturas y miniesculturas de fundici\u00f3n. Su obra recorri\u00f3 todo el mundo por lugares como Buenos Aires, Barcelona, Londres y varias ciudades de Inglaterra.&nbsp; Gabriela Otero Esculturas. Facebook | Instagram<\/p>\n","protected":false},"author":1,"featured_media":0,"parent":0,"menu_order":0,"comment_status":"closed","ping_status":"closed","template":"","meta":{"_vp_format_video_url":"","_vp_image_focal_point":[],"footnotes":""},"class_list":["post-788","page","type-page","status-publish","hentry","entry"],"jetpack_sharing_enabled":true,"_links":{"self":[{"href":"https:\/\/gabrielaotero.com.ar\/index.php?rest_route=\/wp\/v2\/pages\/788","targetHints":{"allow":["GET"]}}],"collection":[{"href":"https:\/\/gabrielaotero.com.ar\/index.php?rest_route=\/wp\/v2\/pages"}],"about":[{"href":"https:\/\/gabrielaotero.com.ar\/index.php?rest_route=\/wp\/v2\/types\/page"}],"author":[{"embeddable":true,"href":"https:\/\/gabrielaotero.com.ar\/index.php?rest_route=\/wp\/v2\/users\/1"}],"replies":[{"embeddable":true,"href":"https:\/\/gabrielaotero.com.ar\/index.php?rest_route=%2Fwp%2Fv2%2Fcomments&post=788"}],"version-history":[{"count":0,"href":"https:\/\/gabrielaotero.com.ar\/index.php?rest_route=\/wp\/v2\/pages\/788\/revisions"}],"wp:attachment":[{"href":"https:\/\/gabrielaotero.com.ar\/index.php?rest_route=%2Fwp%2Fv2%2Fmedia&parent=788"}],"curies":[{"name":"wp","href":"https:\/\/api.w.org\/{rel}","templated":true}]}}